{"id":2129,"date":"2025-01-25T12:35:42","date_gmt":"2025-01-25T12:35:42","guid":{"rendered":"https:\/\/www.fc-freya.de\/?page_id=2129"},"modified":"2026-04-12T10:40:07","modified_gmt":"2026-04-12T10:40:07","slug":"das-sportheim","status":"publish","type":"page","link":"https:\/\/www.fc-freya.de\/?page_id=2129","title":{"rendered":"Das Sportheim"},"content":{"rendered":"\n<p class=\"has-white-background-color has-background\">Das Sportheim ist Treffpunkt, Veranstaltungsort und Heimspielst\u00e4tte des FC Freya Limbach. Nach seiner Renovierung vor einigen Jahren erstrahlt es nun in neuem Glanz. <\/p>\n\n\n\n<p class=\"has-white-background-color has-background\">Ge\u00f6ffnet ist das Sportheim zu jedem Heimspiel der Junioren- und Seniorenmannschaften sowie w\u00e4hrend der Runde an jedem Freitag nach dem Training der Seniorenmannschaft. Zu den Heimspielen sowie freitags abends findet in der Regel Bewirtung statt.<\/p>\n\n\n\n<p class=\"has-white-background-color has-background\">F\u00fcr private Veranstaltungen wie  bspw. Geburtst\u00e4ge kann das Sportheim nach R\u00fccksprache gemietet werden. Hierzu bitte an Bernhard Puppan (<a href=\"mailto:bernhard.puppan@fc-freya.de\">bernhard.puppan@fc-freya.de<\/a> ) oder Michael Schmitt (michael.schmitt@fc-freya.de ) wenden. <\/p>\n\n\n\n<figure class=\"wp-block-image size-large\"><img loading=\"lazy\" decoding=\"async\" width=\"1024\" height=\"768\" src=\"http:\/\/www.fc-freya.de\/wp-content\/uploads\/2023\/11\/20230908_202357-1024x768.jpg\" alt=\"\" class=\"wp-image-1257\" srcset=\"https:\/\/www.fc-freya.de\/wp-content\/uploads\/2023\/11\/20230908_202357-1024x768.jpg 1024w, https:\/\/www.fc-freya.de\/wp-content\/uploads\/2023\/11\/20230908_202357-300x225.jpg 300w, https:\/\/www.fc-freya.de\/wp-content\/uploads\/2023\/11\/20230908_202357-150x113.jpg 150w, https:\/\/www.fc-freya.de\/wp-content\/uploads\/2023\/11\/20230908_202357-768x576.jpg 768w, https:\/\/www.fc-freya.de\/wp-content\/uploads\/2023\/11\/20230908_202357-1536x1152.jpg 1536w, https:\/\/www.fc-freya.de\/wp-content\/uploads\/2023\/11\/20230908_202357-2048x1536.jpg 2048w\" sizes=\"auto, (max-width: 1024px) 100vw, 1024px\" \/><\/figure>\n","protected":false},"excerpt":{"rendered":"<p>Das Sportheim ist Treffpunkt, Veranstaltungsort und Heimspielst\u00e4tte des FC Freya Limbach. Nach seiner Renovierung vor einigen Jahren erstrahlt es nun in neuem Glanz. Ge\u00f6ffnet ist das Sportheim zu jedem Heimspiel der Junioren- und Seniorenmannschaften sowie w\u00e4hrend der Runde an jedem Freitag nach dem Training der Seniorenmannschaft. Zu den Heimspielen sowie [&hellip;]<\/p>\n","protected":false},"author":1,"featured_media":1257,"parent":0,"menu_order":0,"comment_status":"closed","ping_status":"closed","template":"","meta":{"footnotes":""},"class_list":["post-2129","page","type-page","status-publish","has-post-thumbnail","hentry"],"_links":{"self":[{"href":"https:\/\/www.fc-freya.de\/index.php?rest_route=\/wp\/v2\/pages\/2129","targetHints":{"allow":["GET"]}}],"collection":[{"href":"https:\/\/www.fc-freya.de\/index.php?rest_route=\/wp\/v2\/pages"}],"about":[{"href":"https:\/\/www.fc-freya.de\/index.php?rest_route=\/wp\/v2\/types\/page"}],"author":[{"embeddable":true,"href":"https:\/\/www.fc-freya.de\/index.php?rest_route=\/wp\/v2\/users\/1"}],"replies":[{"embeddable":true,"href":"https:\/\/www.fc-freya.de\/index.php?rest_route=%2Fwp%2Fv2%2Fcomments&post=2129"}],"version-history":[{"count":3,"href":"https:\/\/www.fc-freya.de\/index.php?rest_route=\/wp\/v2\/pages\/2129\/revisions"}],"predecessor-version":[{"id":3099,"href":"https:\/\/www.fc-freya.de\/index.php?rest_route=\/wp\/v2\/pages\/2129\/revisions\/3099"}],"wp:featuredmedia":[{"embeddable":true,"href":"https:\/\/www.fc-freya.de\/index.php?rest_route=\/wp\/v2\/media\/1257"}],"wp:attachment":[{"href":"https:\/\/www.fc-freya.de\/index.php?rest_route=%2Fwp%2Fv2%2Fmedia&parent=2129"}],"curies":[{"name":"wp","href":"https:\/\/api.w.org\/{rel}","templated":true}]}}