{"id":1357,"date":"2024-03-23T10:36:06","date_gmt":"2024-03-23T10:36:06","guid":{"rendered":"https:\/\/www.fc-freya.de\/?page_id=1357"},"modified":"2026-04-12T10:33:02","modified_gmt":"2026-04-12T10:33:02","slug":"cheerleading","status":"publish","type":"page","link":"http:\/\/www.fc-freya.de\/?page_id=1357","title":{"rendered":"Cheerleading beim FC Freya Limbach"},"content":{"rendered":"\n<div class=\"wp-block-columns is-layout-flex wp-container-core-columns-is-layout-28f84493 wp-block-columns-is-layout-flex\">\n<div class=\"wp-block-column is-vertically-aligned-center is-layout-flow wp-block-column-is-layout-flow\">\n<p class=\"has-white-background-color has-background\" style=\"font-size:22px\"><strong>Sweeties, Angels, Bengels, Rebels &#8211; das sind wir!<\/strong><br><strong>Unsere Farben<\/strong> <img loading=\"lazy\" decoding=\"async\" width=\"22\" height=\"22\" class=\"wp-image-2301\" style=\"width: 22px;\" src=\"http:\/\/www.fc-freya.de\/wp-content\/uploads\/2025\/04\/Herz-gruen.png\" alt=\"Farbcode\n\"><strong>&nbsp;<\/strong><img loading=\"lazy\" decoding=\"async\" width=\"22\" height=\"21\" class=\"wp-image-2300\" style=\"width: 22px;\" src=\"http:\/\/www.fc-freya.de\/wp-content\/uploads\/2025\/04\/Herz-weis.png\" alt=\"Farbcode\"> <img loading=\"lazy\" decoding=\"async\" width=\"22\" height=\"21\" class=\"wp-image-2299\" style=\"width: 22px;\" src=\"http:\/\/www.fc-freya.de\/wp-content\/uploads\/2025\/04\/Herz-schwarz.png\" alt=\"Farbcode\"><strong> <\/strong><br><strong>zeigen euch das beste Team<\/strong>!<\/p>\n<\/div>\n\n\n\n<div class=\"wp-block-column is-layout-flow wp-block-column-is-layout-flow\">\n<figure class=\"wp-block-image size-large is-resized\"><img loading=\"lazy\" decoding=\"async\" width=\"1146\" height=\"811\" src=\"https:\/\/www.fc-freya.de\/wp-content\/uploads\/2025\/04\/IMG_0583-edited-1.jpg\" alt=\"\" class=\"wp-image-2298\" style=\"width:336px;height:auto\" srcset=\"http:\/\/www.fc-freya.de\/wp-content\/uploads\/2025\/04\/IMG_0583-edited-1.jpg 1146w, http:\/\/www.fc-freya.de\/wp-content\/uploads\/2025\/04\/IMG_0583-edited-1-300x212.jpg 300w, http:\/\/www.fc-freya.de\/wp-content\/uploads\/2025\/04\/IMG_0583-edited-1-1024x725.jpg 1024w, http:\/\/www.fc-freya.de\/wp-content\/uploads\/2025\/04\/IMG_0583-edited-1-150x106.jpg 150w, http:\/\/www.fc-freya.de\/wp-content\/uploads\/2025\/04\/IMG_0583-edited-1-768x543.jpg 768w\" sizes=\"auto, (max-width: 1146px) 100vw, 1146px\" \/><\/figure>\n<\/div>\n<\/div>\n\n\n\n<figure style=\"font-size:16px\" class=\"wp-block-table\"><table class=\"has-white-background-color has-background has-fixed-layout\"><tbody><tr><td>Jugendleitung <\/td><td>Jochen Zimmermann (<a href=\"malito:jogi1505@googlemail.com\">Jochen.zimmermann@fc-freya.de<\/a>)<br>Daniel Pieper<br>Rebecca Zimmermann<\/td><\/tr><tr><td>Abteilungsleiter<\/td><td>Rebecca Zimmermann  (rebecca.zimmermann@fc-freya.de)<\/td><\/tr><\/tbody><\/table><\/figure>\n\n\n\n<figure style=\"font-size:16px\" class=\"wp-block-table\"><table class=\"has-white-background-color has-background has-fixed-layout\"><tbody><tr><td>Gruppen<\/td><td>Alter<\/td><td>Trainer<\/td><\/tr><tr><td>Sweeties<\/td><td>6 &#8211; 8 Jahre<\/td><td>Leila Schmitt (C-Lizenz)<br>Amelie Strala<\/td><\/tr><tr><td>Angels<\/td><td>7 &#8211; 9 Jahre<\/td><td>Jule Heckmann<br>Amelie Kirschenlohr (Ausbildung C-Lizenz)<\/td><\/tr><tr><td>Bengels<\/td><td>8 &#8211; 12 Jahre<\/td><td>Nicola Gramlich (unterst\u00fctzt von Julica Gramlich, Madline Rundler)<\/td><\/tr><tr><td>Rebels<\/td><td>12 + Jahre<\/td><td>Julica Gramlich (C-Lizenz)<br>Madline Rundler<\/td><\/tr><\/tbody><\/table><\/figure>\n\n\n\n<p class=\"has-white-background-color has-background\" style=\"font-size:16px\"><strong>FC Freya Cheer \u2013 Power, Bewegung und Teamspirit&nbsp;<\/strong><br><br>Cheerleading ist eine vielseitige Sportart, die Tanzen, Bodenturnen (Tumbling) und spektakul\u00e4re Stunts (Hebefiguren) miteinander verbindet. Wir bieten Kindern die M\u00f6glichkeit Techniken wie Radschlagen, Handstand, Bodengang und Flick Flack zu lernen. Au\u00dferdem k\u00f6nnen sie von klein auf sichere Stunts aufbauen und mit zunehmendem Alter immer spektakul\u00e4rer gestalten.<br><br>In unserem Team muss niemand alles k\u00f6nnen. Jeder bringt seine eigenen St\u00e4rken mit, und genau das macht uns aus!<br><br>Ob gro\u00df oder klein, kr\u00e4ftig oder schmal \u2013 beim Cheerleading finden alle ihren Platz. Denn jede Position ist wichtig, und wir brauchen viele verschiedene Talente, um gemeinsam stark zu sein.<br><br><strong>Was erwartet dich bei uns?<\/strong><br><br>&#8211; <strong>Tanzen:<\/strong> verbessert Koordination, K\u00f6rperspannung und Rhythmusgef\u00fchl<br>&#8211; <strong>Stunts (Hebefiguren):<\/strong> f\u00f6rdern Kraft, Gleichgewicht, K\u00f6rperspannung und Teamarbeit<br>&#8211; <strong>Bodenturnen (Tumbling):<\/strong> trainiert Beweglichkeit, Koordination und Sprungkraft<br><br>Cheerleading verbindet die Vorteile von Team- und Individualsport:<br>Gemeinsam entwickeln wir ein Programm, aber jeder kann sich mit seinen eigenen St\u00e4rken einbringen und weiterentwickeln!<br><br><strong>Trainingszeiten<\/strong><br>Wir trainieren in altersgemischten Gruppen:<br>Donnerstags in Limbach<br>Je nach Gruppe: 17\u201318 Uhr, 18\u201319 Uhr oder 19\u201320 Uhr<br><br><strong>Das Besondere am Cheerleading<\/strong><br>Cheerleading ist unglaublich vielseitig \u2013 und genau das macht den Sport so besonders!<br>Hier lernst du:<br>&#8211; im Tanzen K\u00f6rperspannung und Rhythmusgef\u00fchl<br>&#8211; beim Stunten den cleveren Einsatz von Kraft und Teamwork<br>&#8211; durch Bodenturnelemente deine Flexibilit\u00e4t und Sprungkraft zu verbessern<br><br>Ob du gerne turnst, tanzt oder einfach Spa\u00df an Bewegung hast \u2013 im Cheerleading kannst du deine Talente entfalten!<br><br><strong>Mitmachen \u2013 so geht\u2019s!<\/strong><br>Du m\u00f6chtest gerne Cheerleader werden?<br>Dann schicke uns eine Mail<strong> cheerleading@fc-freya.de<\/strong> \u2013 am besten gleich mit Geburtsdatum und einer Handynummer zur schnellen Kontaktaufnahme.<br><br><strong>Bitte beachten:<\/strong><br>Eine Neuaufnahme ist immer im Herbst zum Start der neuen Saison m\u00f6glich. Wir f\u00fchren eine Warteliste f\u00fcr neue Mitglieder.<\/p>\n\n\n\n<p class=\"has-text-align-center has-white-background-color has-background\" style=\"font-size:22px\"><strong>Werde Teil unseres Teams \u2013 wir freuen uns auf dich!<\/strong><\/p>\n\n\n\n<figure class=\"wp-block-image size-large\"><img loading=\"lazy\" decoding=\"async\" width=\"1024\" height=\"451\" src=\"https:\/\/www.fc-freya.de\/wp-content\/uploads\/2025\/04\/WhatsApp-Image-2025-04-29-at-23.42.44-1024x451.jpeg\" alt=\"\" class=\"wp-image-2286\" srcset=\"http:\/\/www.fc-freya.de\/wp-content\/uploads\/2025\/04\/WhatsApp-Image-2025-04-29-at-23.42.44-1024x451.jpeg 1024w, http:\/\/www.fc-freya.de\/wp-content\/uploads\/2025\/04\/WhatsApp-Image-2025-04-29-at-23.42.44-300x132.jpeg 300w, http:\/\/www.fc-freya.de\/wp-content\/uploads\/2025\/04\/WhatsApp-Image-2025-04-29-at-23.42.44-150x66.jpeg 150w, http:\/\/www.fc-freya.de\/wp-content\/uploads\/2025\/04\/WhatsApp-Image-2025-04-29-at-23.42.44-768x338.jpeg 768w, http:\/\/www.fc-freya.de\/wp-content\/uploads\/2025\/04\/WhatsApp-Image-2025-04-29-at-23.42.44-1536x676.jpeg 1536w, http:\/\/www.fc-freya.de\/wp-content\/uploads\/2025\/04\/WhatsApp-Image-2025-04-29-at-23.42.44.jpeg 2048w\" sizes=\"auto, (max-width: 1024px) 100vw, 1024px\" \/><\/figure>\n","protected":false},"excerpt":{"rendered":"<p>Sweeties, Angels, Bengels, Rebels &#8211; das sind wir!Unsere Farben &nbsp; zeigen euch das beste Team! Jugendleitung Jochen Zimmermann (Jochen.zimmermann@fc-freya.de)Daniel PieperRebecca Zimmermann Abteilungsleiter Rebecca Zimmermann (rebecca.zimmermann@fc-freya.de) Gruppen Alter Trainer Sweeties 6 &#8211; 8 Jahre Leila Schmitt (C-Lizenz)Amelie Strala Angels 7 &#8211; 9 Jahre Jule HeckmannAmelie Kirschenlohr (Ausbildung C-Lizenz) Bengels 8 &#8211; [&hellip;]<\/p>\n","protected":false},"author":1,"featured_media":2100,"parent":0,"menu_order":0,"comment_status":"closed","ping_status":"closed","template":"","meta":{"footnotes":""},"class_list":["post-1357","page","type-page","status-publish","has-post-thumbnail","hentry"],"_links":{"self":[{"href":"http:\/\/www.fc-freya.de\/index.php?rest_route=\/wp\/v2\/pages\/1357","targetHints":{"allow":["GET"]}}],"collection":[{"href":"http:\/\/www.fc-freya.de\/index.php?rest_route=\/wp\/v2\/pages"}],"about":[{"href":"http:\/\/www.fc-freya.de\/index.php?rest_route=\/wp\/v2\/types\/page"}],"author":[{"embeddable":true,"href":"http:\/\/www.fc-freya.de\/index.php?rest_route=\/wp\/v2\/users\/1"}],"replies":[{"embeddable":true,"href":"http:\/\/www.fc-freya.de\/index.php?rest_route=%2Fwp%2Fv2%2Fcomments&post=1357"}],"version-history":[{"count":10,"href":"http:\/\/www.fc-freya.de\/index.php?rest_route=\/wp\/v2\/pages\/1357\/revisions"}],"predecessor-version":[{"id":3085,"href":"http:\/\/www.fc-freya.de\/index.php?rest_route=\/wp\/v2\/pages\/1357\/revisions\/3085"}],"wp:featuredmedia":[{"embeddable":true,"href":"http:\/\/www.fc-freya.de\/index.php?rest_route=\/wp\/v2\/media\/2100"}],"wp:attachment":[{"href":"http:\/\/www.fc-freya.de\/index.php?rest_route=%2Fwp%2Fv2%2Fmedia&parent=1357"}],"curies":[{"name":"wp","href":"https:\/\/api.w.org\/{rel}","templated":true}]}}